{"id":315,"date":"2026-02-06T05:27:50","date_gmt":"2026-02-06T05:27:50","guid":{"rendered":"https:\/\/inedec.gob.mx\/?page_id=315"},"modified":"2026-02-12T04:50:30","modified_gmt":"2026-02-12T04:50:30","slug":"publicaciones","status":"publish","type":"page","link":"https:\/\/inedec.gob.mx\/?page_id=315","title":{"rendered":"PUBLICACIONES"},"content":{"rendered":"\n<!DOCTYPE html>\n<html>\n\n<head>\n<\/head>\n<style>\n    .div-1 {\n        vertical-align: top;\n        padding: 10px;\n        display: inline-block;\n        font-weight: normal;\n    }\n    \n    .div-2 {\n        vertical-align: top;\n        padding: 10px;\n        display: inline-block;\n        text-align: center;\n    }\n    \n    .btn-group button {\n        background-color: #ff107d;\n        color: white;\n        \/* White text *\/\n        padding: 10px 24px;\n        \/* Some padding *\/\n        cursor: pointer;\n        \/* Pointer\/hand icon *\/\n        text-align: left;\n        font-weight: normal;\n        line-height: 1.5;\n        border: 1px solid ff107d;\n        border-radius: 2px;\n    }\n    \n    .btn-s {\n        width: 100%;\n\t\tbackground-color: #ff107d;\n        \/* Set a width if needed *\/\n        font-family: Arial, Helvetica, sans-serif;\n        border-radius: 2px;\n        border: 1px solid #ff107d;\n        font-weight: normal;\n    }\n\t\n    .btn-s:hover {\n        width: 100%;\n\t\tbackground-color: #c5097a;\n        \/* Set a width if needed *\/\n        font-family: Arial, Helvetica, sans-serif;\n        border-radius: 2px;\n        border: 1px solid #c5097a;\n        font-weight: normal;\n    }\t\n    \n    .btn-group button:not(:last-child) {\n        border-bottom: none;\n        \/* Prevent double borders *\/\n    }\n    \/* Add a background color on hover *\/\n    \n    .btn-group button:hover {\n        background-color: #c5097a;\n    }\n\n    .marginTop15px{margin-top: 15px;}\n<\/style>\n\n<div class=\"container-fluid\">\n    <div class=\"row\">\n        <div class=\"div-1 btn-group-vertical col-sm-12 col-md-3\">\n            <button class=\"btn-s\" id=\"bdes\" onclick=\"myFunction('des','bdes')\">Plan Estatal De Desarrollo<\/button>\n            <button class=\"btn-s\" id=\"beval\" onclick=\"myFunction('eval','beval')\">Programa Anual de Evaluaci\u00f3n<\/button>\n            <button class=\"btn-s\" id=\"bdep\" onclick=\"myFunction('dep','bdep')\">Programa Anual De Promoci\u00f3n Al Deporte<\/button>\n            <button class=\"btn-s\" id=\"besp\" onclick=\"myFunction('esp','besp')\">Programa Especial de Deporte y Activaci\u00f3n F\u00edsica<\/button>\n            <button class=\"btn-s\" id=\"bii\" onclick=\"myFunction('ii','bii')\">Indicadores Internos<\/button>\n\t\t\t<button class=\"btn-s\" id=\"bmir\" onclick=\"myFunction('mir','bmir')\">Marco L\u00f3gico Y Matriz De Riesgos<\/button>\n\t\t\t<button class=\"btn-s\" id=\"bdi\" onclick=\"myFunction('di','bdi')\">Desempe\u00f1o INEDEC<\/button>\n        <\/div>\n\n        <div class=\"col-sm-12 col-md-9\">\n            <div id=\"txt\" class=\"div-2 col-sm-12\" style=\"display: inline-block\">\n                <h1>Descarga de Documentos<\/h1>\n                <hr>\n            <\/div>\n            <div id=\"des\" class=\"div-2 col-sm-12\" style=\"display: none\">\n                <h1>Plan Estatal De Desarrollo<\/h1>\n                <hr>\n                <div class=\"row justify-content-center\">\n                    <div class=\"col-sm-6 col-md-3  marginTop15px\">\n                        <a href=\"https:\/\/www.inedec.gob.mx\/wp-content\/uploads\/transparencia\/PlanEstatalDeDesarrollo2019.pdf\" target=\"_blank\" rel=\"noopener noreferrer\">\n                            <img decoding=\"async\" src=\"https:\/\/www.inedec.gob.mx\/wp-content\/uploads\/transparencia\/PlanEstatalDeDesarrollo2017_2023.jpeg\" width=\"180px\" height=\"180px\">\n                        <\/a>\n                    <\/div>\t\t\t\t\n                    <div class=\"col-sm-6 col-md-3  marginTop15px\">\n                        <a href=\"https:\/\/www.inedec.gob.mx\/wp-content\/uploads\/transparencia\/PLAN-ESTATAL-DEL-DESARROLLO-2023-2029.pdf\" target=\"_blank\" rel=\"noopener noreferrer\">\n                            <img decoding=\"async\" src=\"https:\/\/www.inedec.gob.mx\/wp-content\/uploads\/transparencia\/PlanDeDesarrollo20232029.jpg\" width=\"180px\" height=\"180px\">\n                        <\/a>\n                    <\/div>\n                <\/div>\n            <\/div>\n            <div id=\"eval\" class=\"div-2 col-sm-12\" style=\"display: none\">\n                <h1>Programa Anual de Evaluaci\u00f3n<\/h1>\n                <hr>\t\n                <div class=\"row justify-content-center\">\n                    <div class=\"col-sm-6 col-md-3  marginTop15px\">\n                        <a href=\"https:\/\/www.inedec.gob.mx\/wp-content\/uploads\/transparencia\/Programa-Anual-de-Evaluacio\u0301n-2023-.pdf\" target=\"_blank\" rel=\"noopener noreferrer\">\n                            <img decoding=\"async\" src=\"https:\/\/www.inedec.gob.mx\/wp-content\/uploads\/transparencia\/EvaluacionAnual23.jpg\" width=\"180px\" height=\"180px\">\n                        <\/a>\n                    <\/div>\n                    <div class=\"col-sm-6 col-md-3  marginTop15px\">\n                        <a href=\"https:\/\/www.inedec.gob.mx\/wp-content\/uploads\/transparencia\/Programa-Anual-de-Evaluaciones-2024.pdf\" target=\"_blank\" rel=\"noopener noreferrer\">\n                            <img decoding=\"async\" src=\"https:\/\/www.inedec.gob.mx\/wp-content\/uploads\/transparencia\/ProgramaAnualDeEvaluacion2024.jpeg\" width=\"180px\" height=\"180px\">\n                        <\/a>\n                    <\/div>\n                    <div class=\"col-sm-6 col-md-3  marginTop15px\">\n                        <a href=\"https:\/\/www.inedec.gob.mx\/wp-content\/uploads\/transparencia\/Programa-Anual-de-Evaluacion-2025.pdf\" target=\"_blank\" rel=\"noopener noreferrer\">\n                            <img decoding=\"async\" src=\"https:\/\/www.inedec.gob.mx\/wp-content\/uploads\/transparencia\/ProgramaAnualDeEvaluacion2025.jpeg\" width=\"180px\" height=\"180px\">\n                        <\/a>\n                    <\/div>\n                    <div class=\"col-sm-6 col-md-3  marginTop15px\">\n                        <a href=\"https:\/\/www.inedec.gob.mx\/wp-content\/uploads\/transparencia\/h.-Programa-Anual-de-Evaluaci\u00f3n-2026.pdf\" target=\"_blank\" rel=\"noopener noreferrer\">\n                            <img decoding=\"async\" src=\"https:\/\/www.inedec.gob.mx\/wp-content\/uploads\/transparencia\/ProgramaAnualEval2026.jpeg\" width=\"180px\" height=\"180px\">\n                        <\/a>\n                    <\/div>\t\t\t\t\t\n                <\/div>\t\t\n            <\/div>\n            <div id=\"dep\" class=\"div-2 col-sm-12\" style=\"display: none\">\n                <h1>Programa Anual De Promoci\u00f3n Al Deporte<\/h1>\n                <hr>\t\n                <div class=\"row justify-content-center\">\n                    <div class=\"col-sm-6 col-md-3  marginTop15px\">\n                        <a href=\"https:\/\/www.inedec.gob.mx\/wp-content\/uploads\/transparencia\/PROGRAMA-DE-PROMOCI\u00d3N-DEL-DEPORTE-2023.pdf\" target=\"_blank\" rel=\"noopener noreferrer\">\n                            <img decoding=\"async\" src=\"https:\/\/www.inedec.gob.mx\/wp-content\/uploads\/transparencia\/promocionAlDeporte23.jpg\" width=\"180px\" height=\"180px\">\n                        <\/a>\n                    <\/div>\n                    <div class=\"col-sm-6 col-md-3  marginTop15px\">\n                        <a href=\"https:\/\/www.inedec.gob.mx\/wp-content\/uploads\/transparencia\/PROGRAMADEPROMOCIONALDEPORTE2024.pdf\" target=\"_blank\" rel=\"noopener noreferrer\">\n                            <img decoding=\"async\" src=\"https:\/\/www.inedec.gob.mx\/wp-content\/uploads\/transparencia\/PROGRAMADEPROMOCIONALDEPORTE2024.jpg\" width=\"180px\" height=\"180px\">\n                        <\/a>\n                    <\/div>\n                    <div class=\"col-sm-6 col-md-3  marginTop15px\">\n                        <a href=\"https:\/\/www.inedec.gob.mx\/wp-content\/uploads\/transparencia\/Programa-de-Promocio\u0301n-al-Deporte-2024.pdf\" target=\"_blank\" rel=\"noopener noreferrer\">\n                            <img decoding=\"async\" src=\"https:\/\/www.inedec.gob.mx\/wp-content\/uploads\/transparencia\/ProgramaAnualPromocion2024img.jpg\" width=\"180px\" height=\"180px\">\n                        <\/a>\n                    <\/div>\n                    <div class=\"col-sm-6 col-md-3  marginTop15px\">\n                        <a href=\"https:\/\/www.inedec.gob.mx\/wp-content\/uploads\/transparencia\/Programa-de-Promocio\u0301n-al-Deporte-2025-1.pdf\" target=\"_blank\" rel=\"noopener noreferrer\">\n                            <img decoding=\"async\" src=\"https:\/\/www.inedec.gob.mx\/wp-content\/uploads\/transparencia\/ProgramaAnualPromocion2025img.jpg\" width=\"180px\" height=\"180px\">\n                        <\/a>\n                    <\/div>\t\t\t\t\t\n                <\/div>\n                <div class=\"row\">\n                    <div class=\"col-sm-6 col-md-3  marginTop15px\">\n                        <a href=\"https:\/\/www.inedec.gob.mx\/wp-content\/uploads\/transparencia\/g.-Programa-Anual-de-Promoci\u00f3n-al-Deporte-2026.pdf\" target=\"_blank\" rel=\"noopener noreferrer\">\n                            <img decoding=\"async\" src=\"https:\/\/www.inedec.gob.mx\/wp-content\/uploads\/transparencia\/ProgramaAnualPromDeporte2026.jpeg\" width=\"180px\" height=\"180px\">\n                        <\/a>\n                    <\/div>\t\t\t\t\t\n                <\/div>\t\t\t\t\n            <\/div>\n            <div id=\"esp\" class=\"div-2 col-sm-12\" style=\"display: none\">\n                <h1>Programa Especial de Deporte y Activaci\u00f3n F\u00edsica<\/h1>\n                <hr>\n                <div class=\"row justify-content-center\">\n                    <div class=\"col-sm-6 col-md-3  marginTop15px\">\n                        <a href=\"https:\/\/www.inedec.gob.mx\/wp-content\/uploads\/transparencia\/ProgramaEspecialDeDeporteYActivaci\u00f3nF\u00edsica2020.pdf\" target=\"_blank\" rel=\"noopener noreferrer\">\n                            <img decoding=\"async\" src=\"https:\/\/www.inedec.gob.mx\/wp-content\/uploads\/transparencia\/ProgramaEspecialDeDeporteYActivacionFisica2017_202023.jpeg\" width=\"180px\" height=\"180px\">\n                        <\/a>\n                    <\/div>\n                    <div class=\"col-sm-6 col-md-3  marginTop15px\">\n                        <a href=\"https:\/\/www.inedec.gob.mx\/wp-content\/uploads\/transparencia\/PROGRAMA_ESPECIAL_DE_DEPORTE-1.pdf\" target=\"_blank\" rel=\"noopener noreferrer\">\n                            <img decoding=\"async\" src=\"https:\/\/www.inedec.gob.mx\/wp-content\/uploads\/transparencia\/PROGRAMA_ESPECIAL_DE_DEPORTE_23-29.jpg\" width=\"180px\" height=\"180px\">\n                        <\/a>\n                    <\/div>\t\t\t\t\t\n                <\/div>\n            <\/div>\n            <div id=\"ii\" class=\"col div-2 col-sm-12\" style=\"display: none\">\n                <h1>Indicadores Internos<\/h1>\n                <hr>\t\n\t\t\t\t<div class=\"row justify-content-center\">\n\t\t\t\t\t<div class=\"col-sm-6 col-md-3  marginTop15px\">\n\t\t\t\t\t\t<a href=\"https:\/\/www.inedec.gob.mx\/wp-content\/uploads\/2023\/04\/INDICADORES-INTERNOS-1er-TRIMESTRE-23.pdf\" target=\"_blank\" rel=\"noopener noreferrer\">\n\t\t\t\t\t\t\t<img decoding=\"async\" src=\"https:\/\/www.inedec.gob.mx\/wp-content\/uploads\/transparencia\/Indicadores1trimestre2023.jpg\" width=\"180px\" height=\"180px\">\n\t\t\t\t\t  <\/a>\n\t\t\t\t\t<\/div>\n\t\t\t\t\t<div class=\"col-sm-6 col-md-3  marginTop15px\">\n\t\t\t\t\t\t<a href=\"https:\/\/www.inedec.gob.mx\/wp-content\/uploads\/transparencia\/INDICADORES-INTERNOS-2DO-TRIMESTRE-23-.pdf\" target=\"_blank\" rel=\"noopener noreferrer\">\n\t\t\t\t\t\t\t<img decoding=\"async\" src=\"https:\/\/www.inedec.gob.mx\/wp-content\/uploads\/transparencia\/Indicadores2trimestre.jpg\" width=\"180px\" height=\"180px\">\n\t\t\t\t\t  <\/a>\n\t\t\t\t\t<\/div>\n\t\t\t\t\t<div class=\"col-sm-6 col-md-3  marginTop15px\">\n\t\t\t\t\t\t<a href=\"https:\/\/www.inedec.gob.mx\/wp-content\/uploads\/transparencia\/INDICADORES-INTERNOS-3er-TRIMESTRE-2O23xlsx.pdf\" target=\"_blank\" rel=\"noopener noreferrer\">\n\t\t\t\t\t\t\t<img decoding=\"async\" src=\"https:\/\/www.inedec.gob.mx\/wp-content\/uploads\/transparencia\/Indicadores3trimestre2023.jpg\" width=\"180px\" height=\"180px\">\n\t\t\t\t\t  <\/a>\n\t\t\t\t\t<\/div>\n                    <div class=\"col-sm-6 col-md-3  marginTop15px\">\n                        <a href=\"https:\/\/www.inedec.gob.mx\/wp-content\/uploads\/transparencia\/INDICADORES-FINALES-2O23.pdf\" target=\"_blank\" rel=\"noopener noreferrer\">\n                            <img decoding=\"async\" src=\"https:\/\/www.inedec.gob.mx\/wp-content\/uploads\/transparencia\/Informe2023.jpeg\" width=\"180px\" height=\"180px\">\n                        <\/a>\n                    <\/div>\t\t\t\t\t\n                <\/div>\t\t\t\t\n\t\t\t\t<div class=\"row\">\n                    <div class=\"col-sm-6 col-md-3  marginTop15px\">\n                        <a href=\"https:\/\/www.inedec.gob.mx\/wp-content\/uploads\/transparencia\/CUMPLIMIENTO-DE-PLANES-Y-PROGRAMAS-2023.pdf\" target=\"_blank\" rel=\"noopener noreferrer\">\n                            <img decoding=\"async\" src=\"https:\/\/www.inedec.gob.mx\/wp-content\/uploads\/transparencia\/InformeFinalModificado2023.jpeg\" width=\"180px\" height=\"180px\">\n                        <\/a>\t\t\t\t\t\n                    <\/div>\t\t\t\t\t\n                    <div class=\"col-sm-6 col-md-3  marginTop15px\">\n                        <a href=\"https:\/\/www.inedec.gob.mx\/wp-content\/uploads\/transparencia\/INDICADORES-INTERNOS-1ER-TRIMESTRE-2O24.pdf\" target=\"_blank\" rel=\"noopener noreferrer\">\n                            <img decoding=\"async\" src=\"https:\/\/www.inedec.gob.mx\/wp-content\/uploads\/transparencia\/IndicadoresTrimeste12024.jpg\" width=\"180px\" height=\"180px\">\n                        <\/a>\t\t\t\t\t\n                    <\/div>\n                    <div class=\"col-sm-6 col-md-3  marginTop15px\">\n                        <a href=\"https:\/\/www.inedec.gob.mx\/wp-content\/uploads\/transparencia\/INDICADORES-INTERNOS-2do-TRIMESTRE-2O24.pdf\" target=\"_blank\" rel=\"noopener noreferrer\">\n                            <img decoding=\"async\" src=\"https:\/\/www.inedec.gob.mx\/wp-content\/uploads\/transparencia\/Indicadores2doTrimeste12024.jpg\" width=\"180px\" height=\"180px\">\n                        <\/a>\n                    <\/div>\t\t\t\t\n                    <div class=\"col-sm-6 col-md-3  marginTop15px\">\n                        <a href=\"https:\/\/www.inedec.gob.mx\/wp-content\/uploads\/transparencia\/INDICADORES-3ER-TRIMESTRE-2024.pdf\" target=\"_blank\" rel=\"noopener noreferrer\">\n                            <img decoding=\"async\" src=\"https:\/\/www.inedec.gob.mx\/wp-content\/uploads\/transparencia\/Indicadores3erTrimeste12024.jpg\" width=\"180px\" height=\"180px\">\n                        <\/a>\n                    <\/div>\t\t\t\t\t\n                <\/div>\t\n\t\t\t\t<div class=\"row\">\n                    <div class=\"col-sm-6 col-md-3  marginTop15px\">\n                        <a href=\"https:\/\/www.inedec.gob.mx\/wp-content\/uploads\/transparencia\/INDICADORES-FINALES-2024.xlsx\" target=\"_blank\" rel=\"noopener noreferrer\">\n                            <img decoding=\"async\" src=\"https:\/\/www.inedec.gob.mx\/wp-content\/uploads\/transparencia\/InformeFinalMod.jpeg\" width=\"180px\" height=\"180px\">\n                        <\/a>\n                    <\/div>\n                    <div class=\"col-sm-6 col-md-3  marginTop15px\">\n                        <a href=\"https:\/\/www.inedec.gob.mx\/wp-content\/uploads\/transparencia\/INDICADORES-1ER-TRIMESTRE-2025-.pdf\" target=\"_blank\" rel=\"noopener noreferrer\">\n                            <img decoding=\"async\" src=\"https:\/\/www.inedec.gob.mx\/wp-content\/uploads\/transparencia\/Publicaciones_Indicadores1erTimestre2025.jpeg\" width=\"180px\" height=\"180px\">\n                        <\/a>\t\t\t\t\t\n                    <\/div>\n                    <div class=\"col-sm-6 col-md-3  marginTop15px\">\n                        <a href=\"https:\/\/www.inedec.gob.mx\/wp-content\/uploads\/transparencia\/INDICADORES-2do-TRIMESTRE-2025.pdf\" target=\"_blank\" rel=\"noopener noreferrer\">\n                            <img decoding=\"async\" src=\"https:\/\/www.inedec.gob.mx\/wp-content\/uploads\/transparencia\/Indicadores2doTrimestre2025.jpeg\" width=\"180px\" height=\"180px\">\n                        <\/a>\n                    <\/div>\t\n                    <div class=\"col-sm-6 col-md-3  marginTop15px\">\n                        <a href=\"https:\/\/www.inedec.gob.mx\/wp-content\/uploads\/transparencia\/INDICADORES-3er-trimestre-25.pdf\" target=\"_blank\" rel=\"noopener noreferrer\">\n                            <img decoding=\"async\" src=\"https:\/\/www.inedec.gob.mx\/wp-content\/uploads\/transparencia\/Publicaciones_Indicadores3Trim2025.jpg\" width=\"180px\" height=\"180px\">\n                        <\/a>\n                    <\/div>\t\t\t\t\t\n                <\/div>\n\t\t\t\t<div class=\"row\">\t\t\t\n                    <div class=\"col-sm-6 col-md-3  marginTop15px\">\n                        <a href=\"https:\/\/www.inedec.gob.mx\/wp-content\/uploads\/transparencia\/INDICADORES-4to-trimestre-25-.pdf\" target=\"_blank\" rel=\"noopener noreferrer\">\n                            <img decoding=\"async\" src=\"https:\/\/www.inedec.gob.mx\/wp-content\/uploads\/transparencia\/Indicadores4toTrimestre.jpeg\" width=\"180px\" height=\"180px\">\n                        <\/a>\n\t\t\t\t\t\t<p style=\"font-size: 80%;\">\u00daltima actualizaci\u00f3n: 23\/Ene\/2026<\/p>\n                    <\/div>\t\t\t\t\t\t\t\n                <\/div>\t\t\t\t\n            <\/div>\n            <div id=\"mir\" class=\"div-2 col-sm-12\" style=\"display: none\">\n                <h1>Marco L\u00f3gico Y Matriz De Riesgos<\/h1>\n                <hr>\n                <div class=\"row justify-content-center\">\n                     <div class=\"col-sm-6 col-md-3  marginTop15px\">\n                        <a href=\"https:\/\/www.inedec.gob.mx\/wp-content\/uploads\/transparencia\/MML2023MIR_2.pdf\" target=\"_blank\" rel=\"noopener noreferrer\">\n                            <img decoding=\"async\" src=\"https:\/\/www.inedec.gob.mx\/wp-content\/uploads\/transparencia\/mllmir.jpeg\" width=\"180px\" height=\"180px\">\n                        <\/a>\n                    <\/div>\n                    <div class=\"col-sm-6 col-md-3  marginTop15px\">\n                        <a href=\"https:\/\/www.inedec.gob.mx\/wp-content\/uploads\/transparencia\/MLL-MIR-2024.pdf\" target=\"_blank\" rel=\"noopener noreferrer\">\n                            <img decoding=\"async\" src=\"https:\/\/www.inedec.gob.mx\/wp-content\/uploads\/transparencia\/miir2024.jpg\" width=\"180px\" height=\"180px\">\n                        <\/a>\n                    <\/div>\n                     <div class=\"col-sm-6 col-md-3  marginTop15px\">\n                        <a href=\"https:\/\/www.inedec.gob.mx\/wp-content\/uploads\/transparencia\/MIR-MLL-2025.pdf\" target=\"_blank\" rel=\"noopener noreferrer\">\n                            <img decoding=\"async\" src=\"https:\/\/www.inedec.gob.mx\/wp-content\/uploads\/transparencia\/Publicaciones_MMLMIR2025.jpg\" width=\"180px\" height=\"180px\">\n                        <\/a>\n                    <\/div>\t\t\t\t\t\n                <\/div>\t\t\t\t\n            <\/div>\n            <div id=\"di\" class=\"div-2 col-sm-12\" style=\"display: none\">\n                <h1>Desempe\u00f1o INEDEC<\/h1>\n                <hr>\n                <div class=\"row justify-content-center\">\n                    <div class=\"col-sm-6 col-md-3  marginTop15px\">\n                        <a href=\"https:\/\/www.inedec.gob.mx\/wp-content\/uploads\/transparencia\/INFORME-AL-DESEMPENO-2024.pdf\" target=\"_blank\" rel=\"noopener noreferrer\">\n                            <img decoding=\"async\" src=\"https:\/\/www.inedec.gob.mx\/wp-content\/uploads\/transparencia\/Publicaciones_InformaDesempeno2024.jpeg\" width=\"180px\" height=\"180px\">\n                        <\/a>\n                    <\/div>\t\t\t\t\n                     <div class=\"col-sm-6 col-md-3  marginTop15px\">\n                        <a href=\"https:\/\/www.inedec.gob.mx\/wp-content\/uploads\/transparencia\/INFORME-AL-DESEMPENO-2025.pdf\" target=\"_blank\" rel=\"noopener noreferrer\">\n                            <img decoding=\"async\" src=\"https:\/\/www.inedec.gob.mx\/wp-content\/uploads\/transparencia\/InformeDelDesempenoInedec1erTrimestre2025.jpeg\" width=\"180px\" height=\"180px\">\n                        <\/a>\n                    <\/div>\n                    <div class=\"col-sm-6 col-md-3  marginTop15px\">\n                        <a href=\"https:\/\/www.inedec.gob.mx\/wp-content\/uploads\/transparencia\/INFORME-AL-DESEMPENO-2do-trimestre-2025.pdf\" target=\"_blank\" rel=\"noopener noreferrer\">\n                            <img decoding=\"async\" src=\"https:\/\/www.inedec.gob.mx\/wp-content\/uploads\/transparencia\/IMG-20250815-WA0022.jpg\" width=\"180px\" height=\"180px\">\n                        <\/a>\n                    <\/div>\n                     <div class=\"col-sm-6 col-md-3  marginTop15px\">\n                        <a href=\"https:\/\/www.inedec.gob.mx\/wp-content\/uploads\/transparencia\/INFORME-AL-DESEMPENO-3er-trimestre-2025.pdf\" target=\"_blank\" rel=\"noopener noreferrer\">\n                            <img decoding=\"async\" src=\"https:\/\/www.inedec.gob.mx\/wp-content\/uploads\/transparencia\/Publicaciones_Desempeno3Trim2025.jpg\" width=\"180px\" height=\"180px\">\n                        <\/a>\t\t\t\t\t \n                    <\/div>\t\t\t\t\t\n                <\/div>\n\t\t\t\t<div class=\"row\">\n                    <div class=\"col-sm-6 col-md-3  marginTop15px\">\n                        <a href=\"https:\/\/www.inedec.gob.mx\/wp-content\/uploads\/transparencia\/INFORME-AL-DESEMPENO-4to-trimestre-2025.pdf\" target=\"_blank\" rel=\"noopener noreferrer\">\n                            <img decoding=\"async\" src=\"https:\/\/www.inedec.gob.mx\/wp-content\/uploads\/transparencia\/InformeDeDesempeno4toTrimestre25.jpeg\" width=\"180px\" height=\"180px\">\n                        <\/a>\n\t\t\t\t\t\t<p style=\"font-size: 80%;\">\u00daltima actualizaci\u00f3n: 23\/Ene\/2026<\/p>\t\t\t\t\t\t\n                    <\/div>\t\t\t\t\t\t\n                <\/div>\t\t\t\t\n            <\/div>\t\t\t\n        <\/div>\n    <\/div>\n    <br><br><br><br><br>\n<\/div>\n<script>\n    function myFunction(id, btn) {\n        var x = document.getElementById(id);\n        var y = document.getElementById(btn);\n\n        if (x.style.display === \"none\") {\n\n            \/\/show and hide\n            var divs = [\"txt\", \"des\", \"eval\", \"dep\", \"esp\", \"ii\", \"mir\", \"di\"];\n\n            for (var i = 0; i < divs.length; i++) {\n                div = document.getElementById(divs[i]);\n                div.style.display = 'none';\n            }\n\n            \/\/change btn color\n            var abtns = [\"bdes\", \"beval\", \"bdep\", \"besp\", \"bii\", \"bmir\", \"bdi\"];\n\n            for (var i = 0; i < abtns.length; i++) {\n                bt = document.getElementById(abtns[i]);\n                bt.style.backgroundColor = \"#ff107d\";\n            }\n\n            x.style.display = \"inline-block\";\n            y.style.backgroundColor = \"#c5097a\";\n\n        }\n    }\n<\/script>\n","protected":false},"excerpt":{"rendered":"<p>Plan Estatal De Desarrollo Programa Anual de Evaluaci\u00f3n Programa Anual De Promoci\u00f3n Al Deporte Programa Especial de Deporte y Activaci\u00f3n F\u00edsica Indicadores Internos Marco L\u00f3gico Y Matriz De Riesgos Desempe\u00f1o INEDEC Descarga de Documentos Plan Estatal De Desarrollo Programa Anual de Evaluaci\u00f3n Programa Anual De Promoci\u00f3n Al Deporte Programa Especial de Deporte y Activaci\u00f3n F\u00edsica &#8230; <a title=\"PUBLICACIONES\" class=\"read-more\" href=\"https:\/\/inedec.gob.mx\/?page_id=315\" aria-label=\"Leer m\u00e1s sobre PUBLICACIONES\">Leer m\u00e1s<\/a><\/p>\n","protected":false},"author":1,"featured_media":0,"parent":0,"menu_order":0,"comment_status":"closed","ping_status":"closed","template":"","meta":{"footnotes":""},"class_list":["post-315","page","type-page","status-publish"],"_links":{"self":[{"href":"https:\/\/inedec.gob.mx\/index.php?rest_route=\/wp\/v2\/pages\/315","targetHints":{"allow":["GET"]}}],"collection":[{"href":"https:\/\/inedec.gob.mx\/index.php?rest_route=\/wp\/v2\/pages"}],"about":[{"href":"https:\/\/inedec.gob.mx\/index.php?rest_route=\/wp\/v2\/types\/page"}],"author":[{"embeddable":true,"href":"https:\/\/inedec.gob.mx\/index.php?rest_route=\/wp\/v2\/users\/1"}],"replies":[{"embeddable":true,"href":"https:\/\/inedec.gob.mx\/index.php?rest_route=%2Fwp%2Fv2%2Fcomments&post=315"}],"version-history":[{"count":16,"href":"https:\/\/inedec.gob.mx\/index.php?rest_route=\/wp\/v2\/pages\/315\/revisions"}],"predecessor-version":[{"id":562,"href":"https:\/\/inedec.gob.mx\/index.php?rest_route=\/wp\/v2\/pages\/315\/revisions\/562"}],"wp:attachment":[{"href":"https:\/\/inedec.gob.mx\/index.php?rest_route=%2Fwp%2Fv2%2Fmedia&parent=315"}],"curies":[{"name":"wp","href":"https:\/\/api.w.org\/{rel}","templated":true}]}}